{"id":960,"date":"2020-09-15T09:51:01","date_gmt":"2020-09-15T09:51:01","guid":{"rendered":"https:\/\/socalshipping.com\/?page_id=960"},"modified":"2024-04-27T13:01:18","modified_gmt":"2024-04-27T20:01:18","slug":"home","status":"publish","type":"page","link":"https:\/\/socalshipping.com\/sv\/","title":{"rendered":"Hem"},"content":{"rendered":"<div class=\"wp-block-uagb-container uagb-block-b4bdb975 alignfull uagb-is-root-container\"><div class=\"uagb-container-inner-blocks-wrap\">\n<div data-aos= \"zoom-out-down\" data-aos-duration=\"400\" data-aos-delay=\"0\" data-aos-easing=\"ease\" data-aos-once=\"true\" class=\"wp-block-uagb-info-box uagb-block-3b7e0e21 uagb-infobox__content-wrap  uagb-infobox-icon-below-title uagb-infobox-image-valign-top\"><div class=\"uagb-ifb-content\"><div class=\"uagb-ifb-title-wrap\"><h5 class=\"uagb-ifb-title-prefix\">V\u00e4lkommen Till<\/h5><h1 class=\"uagb-ifb-title\">SoCal Shipping<\/h1><\/div><p class=\"uagb-ifb-desc\">\"Din Dr\u00f6m, V\u00e5rt Uppdrag\"<\/p><\/div><\/div>\n\n\n\n<div data-aos= \"zoom-out-down\" data-aos-duration=\"400\" data-aos-delay=\"0\" data-aos-easing=\"ease\" data-aos-once=\"true\" class=\"wp-block-uagb-buttons uagb-buttons__outer-wrap uagb-btn__default-btn uagb-btn-tablet__default-btn uagb-btn-mobile__default-btn uagb-block-6dd4e230 uag-hide-desktop\"><div class=\"uagb-buttons__wrap uagb-buttons-layout-wrap\">\n<div class=\"wp-block-uagb-buttons-child uagb-buttons__outer-wrap uagb-block-f61b8b98 wp-block-button\"><div class=\"uagb-button__wrapper\"><a class=\"uagb-buttons-repeater wp-block-button__link\" aria-label=\"\" href=\"\/sv\/contact\/\" rel=\"follow noopener\" target=\"_self\"><div class=\"uagb-button__link\">Kontakta Oss<\/div><\/a><\/div><\/div>\n<\/div><\/div>\n\n\n      \n\t\t\t<div class=\"uagb-icon-wrapper uagb-block-62f0ec94\"\n\t\t\tstyle=\"\" >\n\t\t\t\t\t\t\t\t\t<span class=\"uagb-svg-wrapper\" \n\t\t\t\t\t aria-label=\"down-long\"\t\t\t\t\ttabindex=\"0\">\t\t\n\t\t\t\t\t\t\t\t\t\t<svg xmlns=\"https:\/\/www.w3.org\/2000\/svg\" viewbox= \"0 0 320 512\" role=\"graphics-symbol\" aria-hidden=\"false\" aria-label=\"\"><path d=\"M281.6 392.3l-104 112.1c-9.498 10.24-25.69 10.24-35.19 0l-104-112.1c-6.484-6.992-8.219-17.18-4.404-25.94c3.811-8.758 12.45-14.42 21.1-14.42H128V32c0-17.69 14.33-32 32-32S192 14.31 192 32v319.9h72c9.547 0 18.19 5.66 22 14.42C289.8 375.1 288.1 385.3 281.6 392.3z\"><\/path><\/svg>\n\t\t\t\t\t\t\t\t\t<\/span>\n\t\t\t\t\t\t\t<\/div>\n\t\t\t<\/div><\/div>\n\n\n\n<div class=\"wp-block-uagb-container uagb-block-872b8b7f alignfull uagb-is-root-container\"><div class=\"uagb-container-inner-blocks-wrap\">\n<div class=\"wp-block-uagb-info-box uagb-block-04f073f9 uagb-infobox__content-wrap  uagb-infobox-icon-above-title uagb-infobox-image-valign-top\"><div class=\"uagb-ifb-content\"><div class=\"uagb-ifb-image-content\"><img decoding=\"async\" src=\"https:\/\/socalshipping.com\/wp-content\/uploads\/2024\/04\/SoCal-Shipping-logo-300x85.png\" alt=\"\" width=\"\" height=\"0\" loading=\"lazy\"\/><\/div><div class=\"uagb-ifb-title-wrap\"><h2 class=\"uagb-ifb-title\">Din Fr\u00e4msta Portal till Amerikansk Fordonskvalitet<\/h2><\/div><p class=\"uagb-ifb-desc\">Grundat av Thomas Loddby, en framst\u00e5ende veteran inom fordonsindustrin, f\u00f6rvandlar SoCal Shipping din dr\u00f6m om att \u00e4ga ett ikoniskt amerikanskt fordon till verklighet. Baserat i hj\u00e4rtat av s\u00f6dra Kaliforniens livliga fordonsmilj\u00f6, \u00e4r vi specialiserade p\u00e5 att hitta och skicka klassiska bilar, motorcyklar och specialbyggda fordon direkt till Sverige. V\u00e5rt tv\u00e5spr\u00e5kiga team s\u00e4kerst\u00e4ller smidig kommunikation och personlig service anpassad efter dina behov.<\/p><div class=\"uagb-ifb-button-wrapper wp-block-button\"><a href=\"\/sv\/meet-thomas-loddby\/\" class=\"uagb-infobox-cta-link wp-block-button__link\" target=\"_self\" rel=\"noopener noreferrer\" onclick=\"return true;\" alt=\"\"><span class=\"uagb-inline-editing\">Tr\u00e4ffa Thomas Loddby<\/span><\/a><\/div><\/div><\/div>\n\n\n\n<div class=\"wp-block-uagb-info-box uagb-block-e3351e0b uagb-infobox__content-wrap  uagb-infobox-icon-above-title uagb-infobox-image-valign-top\"><div class=\"uagb-ifb-content\"><div class=\"uagb-ifb-icon-wrap\"><svg xmlns=\"https:\/\/www.w3.org\/2000\/svg\" viewbox=\"0 0 512 512\"><path d=\"M256 0C114.6 0 0 114.6 0 256s114.6 256 256 256s256-114.6 256-256S397.4 0 256 0zM232 152C232 138.8 242.8 128 256 128s24 10.75 24 24v128c0 13.25-10.75 24-24 24S232 293.3 232 280V152zM256 400c-17.36 0-31.44-14.08-31.44-31.44c0-17.36 14.07-31.44 31.44-31.44s31.44 14.08 31.44 31.44C287.4 385.9 273.4 400 256 400z\"><\/path><\/svg><\/div><div class=\"uagb-ifb-title-wrap\"><\/div><p class=\"uagb-ifb-desc\">Observera att \u00e4ven om vi har en passion f\u00f6r klassiska och specialbyggda fordon, <strong>str\u00e4cker sig v\u00e5r expertis till alla typer av bilar och mer d\u00e4rtill.<\/strong>. Oavsett modell eller era st\u00e5r vi h\u00e4r f\u00f6r att underl\u00e4tta din bils resa till Sverige.<\/p><div class=\"uagb-ifb-button-wrapper wp-block-button\"><a href=\"\/sv\/contact\/\" class=\"uagb-infobox-cta-link wp-block-button__link\" target=\"_self\" rel=\"noopener noreferrer\" onclick=\"return true;\" alt=\"\"><span class=\"uagb-inline-editing\">Kontakta Oss<\/span><\/a><\/div><\/div><\/div>\n<\/div><\/div>\n\n\n\n<div class=\"wp-block-uagb-container uagb-block-00d4defe alignfull uagb-is-root-container\"><div class=\"uagb-container-inner-blocks-wrap\">\n<div class=\"wp-block-uagb-container uagb-block-0ff6e26b\">\n<div class=\"wp-block-uagb-info-box uagb-block-a18047a9 uagb-infobox__content-wrap  uagb-infobox-icon-above-title uagb-infobox-image-valign-top\"><div class=\"uagb-ifb-content\"><div class=\"uagb-ifb-title-wrap\"><h5 class=\"uagb-ifb-title-prefix\">Tj\u00e4nster<\/h5><h3 class=\"uagb-ifb-title\">Omfattande Frakttj\u00e4nster<\/h3><\/div><div class=\"uagb-ifb-separator\"><\/div><\/div><\/div>\n\n\n\n<div class=\"wp-block-uagb-info-box uagb-block-65e4fed4 uagb-infobox__content-wrap  uagb-infobox-icon-above-title uagb-infobox-image-valign-top\"><div class=\"uagb-ifb-content\"><div class=\"uagb-ifb-title-wrap\"><h4 class=\"uagb-ifb-title\"><strong>M\u00e5ngsidiga Fraktl\u00f6sningar<\/strong><\/h4><\/div><p class=\"uagb-ifb-desc\">SoCal Shipping \u00e4r mer \u00e4n bara ett transportf\u00f6retag f\u00f6r fordon; vi specialiserar oss p\u00e5 en bred palett av frakttj\u00e4nster. Oavsett om du vill skicka bilar, b\u00e5tar, vattenskotrar eller till och med bildelar, har vi t\u00e4ckning med alternativ anpassade f\u00f6r att m\u00f6ta dina behov.<\/p><div class=\"uagb-ifb-separator\"><\/div><\/div><\/div>\n\n\n\n<div class=\"wp-block-uagb-info-box uagb-block-354ed25d uagb-infobox__content-wrap  uagb-infobox-icon-above-title uagb-infobox-image-valign-top\"><div class=\"uagb-ifb-content\"><div class=\"uagb-ifb-title-wrap\"><h4 class=\"uagb-ifb-title\"><strong>Flytten Gjord Enkel<\/strong><\/h4><\/div><p class=\"uagb-ifb-desc\">Planerar du en flytt? L\u00e5t oss ta bort stressen fr\u00e5n flytten. Vi erbjuder omfattande tj\u00e4nster f\u00f6r att transportera dina personliga tillh\u00f6righeter till ditt nya hem, vilket s\u00e4kerst\u00e4ller en smidig \u00f6verg\u00e5ng f\u00f6r dig och din familj.<\/p><div class=\"uagb-ifb-separator\"><\/div><\/div><\/div>\n\n\n\n<div class=\"wp-block-uagb-info-box uagb-block-7006b63e uagb-infobox__content-wrap  uagb-infobox-icon-above-title uagb-infobox-image-valign-top\"><div class=\"uagb-ifb-content\"><div class=\"uagb-ifb-title-wrap\"><h4 class=\"uagb-ifb-title\"><strong>Frakt Av Bildelar<\/strong>\u200b<\/h4><\/div><p class=\"uagb-ifb-desc\">V\u00e5r dedikerade anl\u00e4ggning v\u00e4lkomnar inl\u00e4mningar och underl\u00e4ttar frakten av dina delar till oslagbara priser. Lita p\u00e5 oss att hantera dina komponenter med omsorg och effektivitet.<\/p><\/div><\/div>\n<\/div>\n\n\n\n<div class=\"wp-block-uagb-container uagb-block-33854480\">\n<div class=\"wp-block-uagb-advanced-heading uagb-block-486ebb25\"><h2 class=\"uagb-heading-text\">Utforska det omfattande utbudet av fraktl\u00f6sningar som erbjuds av SoCal Shipping, din p\u00e5litliga partner f\u00f6r alla dina fraktbehov, fr\u00e5n fordon till personliga flyttar.<\/h2><\/div>\n<\/div>\n<\/div><\/div>\n\n\n\n<div class=\"wp-block-uagb-container uagb-block-9c962170 alignfull uagb-is-root-container\"><div class=\"uagb-container-inner-blocks-wrap\">\n<div class=\"wp-block-uagb-advanced-heading uagb-block-0913cd78\"><h5 class=\"uagb-heading-text\">Varf\u00f6r v\u00e4lja oss<\/h5><\/div>\n\n\n\n<div class=\"wp-block-uagb-advanced-heading uagb-block-c6a11eba\"><h2 class=\"uagb-heading-text\"><strong>O\u00f6vertr\u00e4ffad Expertis Inom Bilimport<\/strong><\/h2><\/div>\n\n\n\n<div class=\"wp-block-uagb-container uagb-block-f5e130be\">\n<div class=\"wp-block-uagb-container uagb-block-37209bd4\">\n<div class=\"wp-block-uagb-info-box uagb-block-57de98ed uagb-infobox__content-wrap  uagb-infobox-icon-above-title uagb-infobox-image-valign-top\"><div class=\"uagb-ifb-content\"><div class=\"uagb-ifb-image-content\"><img decoding=\"async\" src=\"https:\/\/socalshipping.com\/wp-content\/uploads\/2024\/04\/map.webp\" alt=\"\" width=\"512\" height=\"760\" loading=\"lazy\"\/><\/div><div class=\"uagb-ifb-title-wrap\"><h4 class=\"uagb-ifb-title\">Expertk\u00e4llning<\/h4><\/div><p class=\"uagb-ifb-desc\">Med \u00f6ver tv\u00e5 decenniers branscherfarenhet anv\u00e4nder vi ett omfattande n\u00e4tverk \u00f6ver hela USA f\u00f6r att hitta och f\u00f6rv\u00e4rva ditt dr\u00f6mfordon till de mest konkurrenskraftiga priserna.<\/p><\/div><\/div>\n<\/div>\n\n\n\n<div class=\"wp-block-uagb-container uagb-block-9002def3\">\n<div class=\"wp-block-uagb-info-box uagb-block-cf52724a uagb-infobox__content-wrap  uagb-infobox-icon-above-title uagb-infobox-image-valign-top\"><div class=\"uagb-ifb-content\"><div class=\"uagb-ifb-image-content\"><img decoding=\"async\" src=\"https:\/\/socalshipping.com\/wp-content\/uploads\/2024\/04\/checklist.webp\" alt=\"\" width=\"512\" height=\"760\" loading=\"lazy\"\/><\/div><div class=\"uagb-ifb-title-wrap\"><h4 class=\"uagb-ifb-title\">Omfattande tj\u00e4nster<\/h4><\/div><p class=\"uagb-ifb-desc\">Fr\u00e5n den f\u00f6rsta v\u00e4rderingen till den slutliga leveransen hanterar v\u00e5rt erfarna team alla aspekter av importprocessen, vilket s\u00e4kerst\u00e4ller en smidig och stressfri upplevelse.<\/p><\/div><\/div>\n<\/div>\n\n\n\n<div class=\"wp-block-uagb-container uagb-block-ee87b03d\">\n<div class=\"wp-block-uagb-info-box uagb-block-d1b27190 uagb-infobox__content-wrap  uagb-infobox-icon-above-title uagb-infobox-image-valign-top\"><div class=\"uagb-ifb-content\"><div class=\"uagb-ifb-image-content\"><img decoding=\"async\" src=\"https:\/\/socalshipping.com\/wp-content\/uploads\/2024\/04\/handshake.webp\" alt=\"\" width=\"512\" height=\"760\" loading=\"lazy\"\/><\/div><div class=\"uagb-ifb-title-wrap\"><h4 class=\"uagb-ifb-title\">Kulturell insikt<\/h4><\/div><p class=\"uagb-ifb-desc\">Rotad i svensk arv och v\u00e4gledd av Thomas vision, utm\u00e4rker vi oss i att \u00f6verbrygga klyftan mellan amerikanska fordonsm\u00f6jligheter och svenska entusiaster.<\/p><\/div><\/div>\n<\/div>\n<\/div>\n<\/div><\/div>\n\n\n\n<div class=\"wp-block-uagb-container uagb-block-7db860f8 alignfull uagb-is-root-container\"><div class=\"uagb-container-inner-blocks-wrap\">\n<div class=\"wp-block-columns is-layout-flex wp-container-core-columns-is-layout-f93a8f87 wp-block-columns-is-layout-flex\" style=\"margin-top:0;margin-bottom:0;padding-top:0;padding-right:0;padding-bottom:0;padding-left:0\">\n<div class=\"wp-block-column is-layout-flow wp-container-core-column-is-layout-7ce91f8e wp-block-column-is-layout-flow\" style=\"padding-top:0;padding-right:0;padding-bottom:0;padding-left:0;flex-basis:45%\">\n<h2 class=\"wp-block-heading has-ast-global-color-0-color has-text-color has-link-color wp-elements-580b7cc14f32c7e8d0f51e5f57399d21\"><strong>Skr\u00e4ddarsydda L\u00f6sningar f\u00f6r Varje Klient<\/strong><\/h2>\n\n\n\n<p class=\"has-ast-global-color-5-color has-text-color has-link-color wp-elements-d7e750e58350da14f970fcb3ef32fa84\">Vi f\u00f6rst\u00e5r att varje klients behov \u00e4r unika. Oavsett om du \u00e4r en f\u00f6rstag\u00e5ngsk\u00f6pare eller en erfaren samlare, erbjuder SoCal Shipping skr\u00e4ddarsydda r\u00e5d f\u00f6r att passa dina f\u00f6rv\u00e4ntningar och budget. V\u00e5r priss\u00e4ttning \u00e4r transparent och skr\u00e4ddarsydd, med beaktande av de specifika kraven f\u00f6r varje fordon eller f\u00f6rem\u00e5l.<\/p>\n<\/div>\n\n\n\n<div class=\"wp-block-column is-layout-flow wp-block-column-is-layout-flow\" style=\"flex-basis:10%\"><\/div>\n\n\n\n<div class=\"wp-block-column is-layout-flow wp-container-core-column-is-layout-1f213a1e wp-block-column-is-layout-flow\" style=\"padding-right:0;padding-left:0;flex-basis:45%\">\n<h2 class=\"wp-block-heading has-ast-global-color-0-color has-text-color has-link-color wp-elements-b658867f94203b2869d64aa451dc7907\"><strong>V\u00e5rt \u00c5tagande Gentemot Dig<\/strong><\/h2>\n\n\n\n<p class=\"has-ast-global-color-5-color has-text-color has-link-color wp-elements-4f435cc3ab1d80e0ae54653f4239b87f\">Medan vi navigerar genom komplexiteten i internationell frakt och marknadens variationer f\u00f6rblir v\u00e5rt \u00e5tagande starkt: att tillhandah\u00e5lla enast\u00e5ende service och korrekt information. Vi str\u00e4var efter att ge dig kunskapen och verktygen som beh\u00f6vs f\u00f6r att fatta v\u00e4lgrundade beslut.<\/p>\n<\/div>\n<\/div>\n<\/div><\/div>\n\n\n\n<div class=\"wp-block-uagb-container uagb-block-c51243ad alignfull uagb-is-root-container\"><div class=\"uagb-container-inner-blocks-wrap\">\n<div class=\"wp-block-uagb-container uagb-block-a7c19bc4\">\n<div class=\"wp-block-uagb-advanced-heading uagb-block-be84617a\"><h3 class=\"uagb-heading-text\">B\u00f6rja Din Resa Idag<\/h3><\/div>\n\n\n\n<p>B\u00f6rja med att definiera dina \u00f6nskem\u00e5l inom dina budgetbegr\u00e4nsningar genom omfattande marknadsunders\u00f6kningar. Ju mer informerad du \u00e4r, desto b\u00e4ttre kan vi hj\u00e4lpa dig att hitta den perfekta matchen f\u00f6r ditt dr\u00f6mfordon.<\/p>\n\n\n\n<p>L\u00e5t SoCal Shipping vara din p\u00e5litliga partner n\u00e4r du tar hem en bit av amerikansk arv till Sverige. Bli med i de m\u00e5nga som har f\u00f6rverkligat sina dr\u00f6mmar genom v\u00e5r dedikerade och experttj\u00e4nst.<\/p>\n<\/div>\n\n\n\n<div class=\"wp-block-uagb-container uagb-block-fc270ba3\">\n<div class=\"wp-block-uagb-buttons uagb-buttons__outer-wrap uagb-btn__default-btn uagb-btn-tablet__default-btn uagb-btn-mobile__default-btn uagb-block-d5ea7c05\"><div class=\"uagb-buttons__wrap uagb-buttons-layout-wrap\">\n<div class=\"wp-block-uagb-buttons-child uagb-buttons__outer-wrap uagb-block-b34bd5ef wp-block-button\"><div class=\"uagb-button__wrapper\"><a class=\"uagb-buttons-repeater wp-block-button__link\" aria-label=\"\" href=\"\/sv\/contact\/\" rel=\"follow noopener\" target=\"_self\"><div class=\"uagb-button__link\">Kontakta Oss<\/div><\/a><\/div><\/div>\n<\/div><\/div>\n<\/div>\n<\/div><\/div>","protected":false},"excerpt":{"rendered":"<p>Explore the extensive range of freight solutions provided by SoCal Shipping, your trusted partner for all your shipping needs, from vehicles to personal relocations. Why choose us Unmatched Expertise in Car Importation Tailored Solutions for Every Client We understand that every client\u2019s needs are unique. Whether you are a first-time buyer or a seasoned collector, [&hellip;]<\/p>\n","protected":false},"author":1,"featured_media":0,"parent":0,"menu_order":0,"comment_status":"closed","ping_status":"closed","template":"","meta":{"_uag_custom_page_level_css":"","site-sidebar-layout":"no-sidebar","site-content-layout":"plain-container","ast-site-content-layout":"normal-width-container","site-content-style":"unboxed","site-sidebar-style":"unboxed","ast-global-header-display":"","ast-banner-title-visibility":"","ast-main-header-display":"","ast-hfb-above-header-display":"","ast-hfb-below-header-display":"","ast-hfb-mobile-header-display":"","site-post-title":"disabled","ast-breadcrumbs-content":"","ast-featured-img":"disabled","footer-sml-layout":"","ast-disable-related-posts":"","theme-transparent-header-meta":"enabled","adv-header-id-meta":"","stick-header-meta":"","header-above-stick-meta":"","header-main-stick-meta":"","header-below-stick-meta":"","astra-migrate-meta-layouts":"set","ast-page-background-enabled":"default","ast-page-background-meta":{"desktop":{"background-color":"","background-image":"","background-repeat":"repeat","background-position":"center center","background-size":"auto","background-attachment":"scroll","background-type":"","background-media":"","overlay-type":"","overlay-color":"","overlay-opacity":"","overlay-gradient":""},"tablet":{"background-color":"","background-image":"","background-repeat":"repeat","background-position":"center center","background-size":"auto","background-attachment":"scroll","background-type":"","background-media":"","overlay-type":"","overlay-color":"","overlay-opacity":"","overlay-gradient":""},"mobile":{"background-color":"","background-image":"","background-repeat":"repeat","background-position":"center center","background-size":"auto","background-attachment":"scroll","background-type":"","background-media":"","overlay-type":"","overlay-color":"","overlay-opacity":"","overlay-gradient":""}},"ast-content-background-meta":{"desktop":{"background-color":"var(--ast-global-color-5)","background-image":"","background-repeat":"repeat","background-position":"center center","background-size":"auto","background-attachment":"scroll","background-type":"","background-media":"","overlay-type":"","overlay-color":"","overlay-opacity":"","overlay-gradient":""},"tablet":{"background-color":"var(--ast-global-color-5)","background-image":"","background-repeat":"repeat","background-position":"center center","background-size":"auto","background-attachment":"scroll","background-type":"","background-media":"","overlay-type":"","overlay-color":"","overlay-opacity":"","overlay-gradient":""},"mobile":{"background-color":"var(--ast-global-color-5)","background-image":"","background-repeat":"repeat","background-position":"center center","background-size":"auto","background-attachment":"scroll","background-type":"","background-media":"","overlay-type":"","overlay-color":"","overlay-opacity":"","overlay-gradient":""}},"footnotes":""},"class_list":["post-960","page","type-page","status-publish","hentry"],"aioseo_notices":[],"uagb_featured_image_src":{"full":false,"thumbnail":false,"medium":false,"medium_large":false,"large":false,"1536x1536":false,"2048x2048":false,"trp-custom-language-flag":false},"uagb_author_info":{"display_name":"socalshipping.com","author_link":"https:\/\/socalshipping.com\/sv\/author\/socalshipping-com\/"},"uagb_comment_info":0,"uagb_excerpt":"Explore the extensive range of freight solutions provided by SoCal Shipping, your trusted partner for all your shipping needs, from vehicles to personal relocations. Why choose us Unmatched Expertise in Car Importation Tailored Solutions for Every Client We understand that every client\u2019s needs are unique. Whether you are a first-time buyer or a seasoned collector,&hellip;","_links":{"self":[{"href":"https:\/\/socalshipping.com\/sv\/wp-json\/wp\/v2\/pages\/960","targetHints":{"allow":["GET"]}}],"collection":[{"href":"https:\/\/socalshipping.com\/sv\/wp-json\/wp\/v2\/pages"}],"about":[{"href":"https:\/\/socalshipping.com\/sv\/wp-json\/wp\/v2\/types\/page"}],"author":[{"embeddable":true,"href":"https:\/\/socalshipping.com\/sv\/wp-json\/wp\/v2\/users\/1"}],"replies":[{"embeddable":true,"href":"https:\/\/socalshipping.com\/sv\/wp-json\/wp\/v2\/comments?post=960"}],"version-history":[{"count":79,"href":"https:\/\/socalshipping.com\/sv\/wp-json\/wp\/v2\/pages\/960\/revisions"}],"predecessor-version":[{"id":1842,"href":"https:\/\/socalshipping.com\/sv\/wp-json\/wp\/v2\/pages\/960\/revisions\/1842"}],"wp:attachment":[{"href":"https:\/\/socalshipping.com\/sv\/wp-json\/wp\/v2\/media?parent=960"}],"curies":[{"name":"wp","href":"https:\/\/api.w.org\/{rel}","templated":true}]}}