{"id":962,"date":"2020-09-15T09:51:39","date_gmt":"2020-09-15T09:51:39","guid":{"rendered":"https:\/\/socalshipping.com\/?page_id=962"},"modified":"2024-04-18T07:20:39","modified_gmt":"2024-04-18T14:20:39","slug":"meet-thomas-loddby","status":"publish","type":"page","link":"https:\/\/socalshipping.com\/sv\/meet-thomas-loddby\/","title":{"rendered":"Tr\u00e4ffa Thomas Loddby"},"content":{"rendered":"<div class=\"wp-block-uagb-container uagb-block-d6924da0 alignfull uagb-is-root-container\"><div class=\"uagb-container-inner-blocks-wrap\">\n<div class=\"wp-block-uagb-advanced-heading uagb-block-efa76908\"><h1 class=\"uagb-heading-text\">Tr\u00e4ffa Thomas Loddby: Kraften bakom SoCal Shipping<\/h1><p class=\"uagb-desc-text\">G\u00e5 djupare in i resan av Thomas Loddby, vars passion f\u00f6r klassiska bilar och h\u00e4ngivenhet till \u00f6verl\u00e4gsen service har format grunden och visionen f\u00f6r SoCal Shipping.<\/p><\/div>\n<\/div><\/div>\n\n\n\n<div class=\"wp-block-uagb-container uagb-block-24299646 alignfull uagb-is-root-container\"><div class=\"uagb-container-inner-blocks-wrap\">\n<div class=\"wp-block-uagb-container uagb-block-1edb78d7\">\n<h2 class=\"wp-block-heading\">En Ber\u00f6md Karri\u00e4r inom Fordonsv\u00e4rlden<\/h2>\n\n\n\n<h2 class=\"wp-block-heading\">\u200b<\/h2>\n<\/div>\n\n\n\n<div class=\"wp-block-uagb-container uagb-block-101702e1\">\n<div class=\"wp-block-uagb-advanced-heading uagb-block-d9e306bf\"><p class=\"uagb-heading-text\">Innan han grundade SoCal Shipping, finslipade Thomas sin expertis inom bilindustrin under \u00f6ver tv\u00e5 decennier, en period pr\u00e4glad av betydande framg\u00e5ngar och l\u00e4roerfarenheter. Hans tid med den legendariska bilbyggaren Boyd Coddington, k\u00e4nd fr\u00e5n den ikoniska TV-serien \"American Hot Rod\", utm\u00e4rker sig s\u00e4rskilt. Genom att arbeta sida vid sida med branschens j\u00e4ttar utvecklade Thomas, \u00f6mt kallad \"the Swede\", en djup f\u00f6rst\u00e5else f\u00f6r bildesign och restaurering, vilket berikade hans f\u00f6rm\u00e5ga att identifiera verkliga bilskatter.<\/p><\/div>\n<\/div>\n<\/div><\/div>\n\n\n\n<div class=\"wp-block-uagb-container uagb-block-a67908f4 alignfull uagb-is-root-container\"><div class=\"uagb-container-inner-blocks-wrap\">\n<div class=\"wp-block-uagb-container uagb-block-314a2e67\">\n<div class=\"wp-block-uagb-info-box uagb-block-52f6b214 uagb-infobox__content-wrap  uagb-infobox-icon-above-title uagb-infobox-image-valign-top\"><div class=\"uagb-ifb-content\"><div class=\"uagb-ifb-title-wrap\"><h3 class=\"uagb-ifb-title\"><strong>Inspirationen Bakom SoCal Shipping<\/strong><\/h3><\/div><p class=\"uagb-ifb-desc\">Drivs av sin passion f\u00f6r fordon och en \u00f6nskan att fylla ett tomrum p\u00e5 marknaden, etablerade Thomas SoCal Shipping f\u00f6r att tillgodose de specifika behoven hos internationella samlare av klassiska bilar. Genom att erk\u00e4nna de utmaningar som entusiaster i Sverige st\u00e5r inf\u00f6r n\u00e4r de vill \u00e4ga amerikanska klassiker, syftade han till att f\u00f6renkla processen och se till att varje aspekt av k\u00e4llning och frakt hanteras med st\u00f6rsta omsorg och professionalism.<\/p><\/div><\/div>\n<\/div>\n\n\n\n<div class=\"wp-block-uagb-container uagb-block-17f998c2\">\n<div class=\"wp-block-uagb-info-box uagb-block-2a92dd55 uagb-infobox__content-wrap  uagb-infobox-icon-above-title uagb-infobox-image-valign-top\"><div class=\"uagb-ifb-content\"><div class=\"uagb-ifb-title-wrap\"><h3 class=\"uagb-ifb-title\"><strong>Ett Personligt \u00c5tagande f\u00f6r Excellens<\/strong><\/h3><\/div><p class=\"uagb-ifb-desc\">I k\u00e4rnan av SoCal Shipping finns Thomas personliga l\u00f6fte om excellens. Hans praktiska tillv\u00e4gag\u00e5ngss\u00e4tt i varje aff\u00e4r s\u00e4kerst\u00e4ller att kunder f\u00e5r personlig service som str\u00e4cker sig bortom enbart transaktioner. Det handlar om att skapa varaktiga relationer och se till att varje klient k\u00e4nner sig sj\u00e4lvs\u00e4ker och v\u00e4l informerad under hela sin resa till att \u00e4ga en klassisk bil.<\/p><\/div><\/div>\n<\/div>\n\n\n\n<div class=\"wp-block-uagb-container uagb-block-8f9d0423\">\n<div class=\"wp-block-uagb-info-box uagb-block-52c1336a uagb-infobox__content-wrap  uagb-infobox-icon-above-title uagb-infobox-image-valign-top\"><div class=\"uagb-ifb-content\"><div class=\"uagb-ifb-title-wrap\"><h3 class=\"uagb-ifb-title\"><strong><strong>Ett Arv av F\u00f6rtroende och Kvalitet<\/strong><\/strong><\/h3><\/div><p class=\"uagb-ifb-desc\">Under Thomas Loddbys ledarskap har SoCal Shipping framst\u00e5tt som en fyr av f\u00f6rtroende, kvalitet och engagemang inom klassisk bilfraktindustrin. Det handlar inte bara om att flytta fordon; det handlar om att skapa starka kundrelationer, h\u00e5lla vad man lovar och \u00f6vertr\u00e4ffa f\u00f6rv\u00e4ntningarna, en klassisk bil \u00e5t g\u00e5ngen.<\/p><\/div><\/div>\n<\/div>\n<\/div><\/div>\n\n\n\n<div class=\"wp-block-uagb-container uagb-block-c51243ad alignfull uagb-is-root-container\"><div class=\"uagb-container-inner-blocks-wrap\">\n<div class=\"wp-block-uagb-container uagb-block-a7c19bc4\">\n<div class=\"wp-block-uagb-advanced-heading uagb-block-be84617a\"><h3 class=\"uagb-heading-text\">B\u00f6rja Din Resa Idag<\/h3><\/div>\n\n\n\n<p>B\u00f6rja med att definiera dina \u00f6nskem\u00e5l inom dina budgetbegr\u00e4nsningar genom omfattande marknadsunders\u00f6kningar. Ju mer informerad du \u00e4r, desto b\u00e4ttre kan vi hj\u00e4lpa dig att hitta den perfekta matchen f\u00f6r ditt dr\u00f6mfordon.<\/p>\n\n\n\n<p>L\u00e5t SoCal Shipping vara din p\u00e5litliga partner n\u00e4r du tar hem en bit av amerikansk arv till Sverige. Bli med i de m\u00e5nga som har f\u00f6rverkligat sina dr\u00f6mmar genom v\u00e5r dedikerade och experttj\u00e4nst.<\/p>\n<\/div>\n\n\n\n<div class=\"wp-block-uagb-container uagb-block-fc270ba3\">\n<div class=\"wp-block-uagb-buttons uagb-buttons__outer-wrap uagb-btn__default-btn uagb-btn-tablet__default-btn uagb-btn-mobile__default-btn uagb-block-d5ea7c05\"><div class=\"uagb-buttons__wrap uagb-buttons-layout-wrap\">\n<div class=\"wp-block-uagb-buttons-child uagb-buttons__outer-wrap uagb-block-b34bd5ef wp-block-button\"><div class=\"uagb-button__wrapper\"><a class=\"uagb-buttons-repeater wp-block-button__link\" aria-label=\"\" href=\"\/sv\/contact\/\" rel=\"follow noopener\" target=\"_self\"><div class=\"uagb-button__link\">Kontakta Oss<\/div><\/a><\/div><\/div>\n<\/div><\/div>\n<\/div>\n<\/div><\/div>","protected":false},"excerpt":{"rendered":"<p>Meet Thomas Loddby: The Driving Force Behind SoCal Shipping\u200b Dive deeper into the journey of Thomas Loddby, whose passion for classic cars and dedication to superior service have shaped the foundation and vision of SoCal Shipping. A Storied Career in the Automotive World \u200b Before founding SoCal Shipping, Thomas honed his expertise in the car [&hellip;]<\/p>\n","protected":false},"author":1,"featured_media":0,"parent":0,"menu_order":0,"comment_status":"closed","ping_status":"closed","template":"","meta":{"_uag_custom_page_level_css":"","site-sidebar-layout":"no-sidebar","site-content-layout":"plain-container","ast-site-content-layout":"normal-width-container","site-content-style":"unboxed","site-sidebar-style":"unboxed","ast-global-header-display":"","ast-banner-title-visibility":"","ast-main-header-display":"","ast-hfb-above-header-display":"","ast-hfb-below-header-display":"","ast-hfb-mobile-header-display":"","site-post-title":"disabled","ast-breadcrumbs-content":"","ast-featured-img":"disabled","footer-sml-layout":"","ast-disable-related-posts":"","theme-transparent-header-meta":"enabled","adv-header-id-meta":"","stick-header-meta":"","header-above-stick-meta":"","header-main-stick-meta":"","header-below-stick-meta":"","astra-migrate-meta-layouts":"set","ast-page-background-enabled":"default","ast-page-background-meta":{"desktop":{"background-color":"","background-image":"","background-repeat":"repeat","background-position":"center center","background-size":"auto","background-attachment":"scroll","background-type":"","background-media":"","overlay-type":"","overlay-color":"","overlay-opacity":"","overlay-gradient":""},"tablet":{"background-color":"","background-image":"","background-repeat":"repeat","background-position":"center center","background-size":"auto","background-attachment":"scroll","background-type":"","background-media":"","overlay-type":"","overlay-color":"","overlay-opacity":"","overlay-gradient":""},"mobile":{"background-color":"","background-image":"","background-repeat":"repeat","background-position":"center center","background-size":"auto","background-attachment":"scroll","background-type":"","background-media":"","overlay-type":"","overlay-color":"","overlay-opacity":"","overlay-gradient":""}},"ast-content-background-meta":{"desktop":{"background-color":"var(--ast-global-color-5)","background-image":"","background-repeat":"repeat","background-position":"center center","background-size":"auto","background-attachment":"scroll","background-type":"","background-media":"","overlay-type":"","overlay-color":"","overlay-opacity":"","overlay-gradient":""},"tablet":{"background-color":"var(--ast-global-color-5)","background-image":"","background-repeat":"repeat","background-position":"center center","background-size":"auto","background-attachment":"scroll","background-type":"","background-media":"","overlay-type":"","overlay-color":"","overlay-opacity":"","overlay-gradient":""},"mobile":{"background-color":"var(--ast-global-color-5)","background-image":"","background-repeat":"repeat","background-position":"center center","background-size":"auto","background-attachment":"scroll","background-type":"","background-media":"","overlay-type":"","overlay-color":"","overlay-opacity":"","overlay-gradient":""}},"footnotes":""},"class_list":["post-962","page","type-page","status-publish","hentry"],"aioseo_notices":[],"uagb_featured_image_src":{"full":false,"thumbnail":false,"medium":false,"medium_large":false,"large":false,"1536x1536":false,"2048x2048":false,"trp-custom-language-flag":false},"uagb_author_info":{"display_name":"socalshipping.com","author_link":"https:\/\/socalshipping.com\/sv\/author\/socalshipping-com\/"},"uagb_comment_info":0,"uagb_excerpt":"Meet Thomas Loddby: The Driving Force Behind SoCal Shipping\u200b Dive deeper into the journey of Thomas Loddby, whose passion for classic cars and dedication to superior service have shaped the foundation and vision of SoCal Shipping. A Storied Career in the Automotive World \u200b Before founding SoCal Shipping, Thomas honed his expertise in the car&hellip;","_links":{"self":[{"href":"https:\/\/socalshipping.com\/sv\/wp-json\/wp\/v2\/pages\/962","targetHints":{"allow":["GET"]}}],"collection":[{"href":"https:\/\/socalshipping.com\/sv\/wp-json\/wp\/v2\/pages"}],"about":[{"href":"https:\/\/socalshipping.com\/sv\/wp-json\/wp\/v2\/types\/page"}],"author":[{"embeddable":true,"href":"https:\/\/socalshipping.com\/sv\/wp-json\/wp\/v2\/users\/1"}],"replies":[{"embeddable":true,"href":"https:\/\/socalshipping.com\/sv\/wp-json\/wp\/v2\/comments?post=962"}],"version-history":[{"count":22,"href":"https:\/\/socalshipping.com\/sv\/wp-json\/wp\/v2\/pages\/962\/revisions"}],"predecessor-version":[{"id":1791,"href":"https:\/\/socalshipping.com\/sv\/wp-json\/wp\/v2\/pages\/962\/revisions\/1791"}],"wp:attachment":[{"href":"https:\/\/socalshipping.com\/sv\/wp-json\/wp\/v2\/media?parent=962"}],"curies":[{"name":"wp","href":"https:\/\/api.w.org\/{rel}","templated":true}]}}